{"id":848,"date":"2012-04-24T18:34:32","date_gmt":"2012-04-24T11:34:32","guid":{"rendered":"http:\/\/www.olliemccarthy.com\/themes\/gonzo\/?page_id=848"},"modified":"2023-10-16T03:54:17","modified_gmt":"2023-10-16T00:54:17","slug":"contact","status":"publish","type":"page","link":"https:\/\/scurtpe2.ro\/?page_id=848","title":{"rendered":"Contact"},"content":{"rendered":"<p><strong>LOCALIZARE<\/strong><\/p>\n<p><iframe loading=\"lazy\" style=\"border: 0;\" src=\"https:\/\/www.google.com\/maps\/embed?pb=!1m18!1m12!1m3!1d1989.5885701427562!2d26.822354038799535!3d45.152609588655864!2m3!1f0!2f0!3f0!3m2!1i1024!2i768!4f13.1!3m3!1m2!1s0x40b15fdc68a16dfd%3A0x106ae295e4d562f8!2zU3RyYWRhIElvbiBCxINpZciZdSwgQnV6xIN1!5e0!3m2!1sro!2sro!4v1490354916158\" width=\"100%\" height=\"450\" frameborder=\"0\" allowfullscreen=\"allowfullscreen\"><span style=\"display: inline-block; width: 0px; overflow: hidden; line-height: 0;\" data-mce-type=\"bookmark\" class=\"mce_SELRES_start\">\u00ef\u00bb\u00bf<\/span><\/iframe><\/p>\n<p>&nbsp;<\/p>\n<p style=\"text-align: center;\">\n<p style=\"text-align: center;\"><strong>REDAC\u00c5\u00a2IA SCURT PE 2:<\/strong><\/p>\n<p style=\"text-align: center;\"><strong>Buz\u0103u:<\/strong><br \/>\nPia\u021ba Dacia<br \/>\n<strong>Telefon:<\/strong> 0338-568.666<br \/>\n<strong>Fax:<\/strong> 0338-569.666<br \/>\n<strong>E-mail:<\/strong> scurtpedoi@tvsatrm.ro<\/p>\n<p style=\"text-align: center;\"><strong>R\u00e2mnicu S\u0103rat:<\/strong><br \/>\nStr. Cr\u00e2ngul Ursului, Nr 4A<br \/>\n<strong>Tel:<\/strong> +40-238-569898;<br \/>\n<strong>Fax:<\/strong> +40-238-565800<\/p>\n<p>&nbsp;<\/p>\n<p style=\"text-align: center;\"><a href=\"https:\/\/www.facebook.com\/tvsatmediagroup\" target=\"_blank\" rel=\"noopener noreferrer\"><img loading=\"lazy\" decoding=\"async\" class=\"size-full wp-image-2704 alignnone aligncenter\" src=\"http:\/\/scurtpe2.ro\/wp-content\/uploads\/2012\/04\/facebook-icon.jpg\" alt=\"facebook-icon\" width=\"152\" height=\"50\" srcset=\"https:\/\/scurtpe2.ro\/wp-content\/uploads\/2012\/04\/facebook-icon.jpg 152w, https:\/\/scurtpe2.ro\/wp-content\/uploads\/2012\/04\/facebook-icon-150x50.jpg 150w\" sizes=\"auto, (max-width: 152px) 100vw, 152px\" \/><\/a>\u00c2\u00a0\u00c2\u00a0\u00c2\u00a0 https:\/\/www.facebook.com\/tvsatmediagroup<\/p>\n<p style=\"text-align: justify;\">Scurt pe 2 \u0219i TVSat v\u0103 ofer\u0103 posibilitatea de a v\u0103 spune p\u0103rerea despre problemele pe care le \u00eent\u00e2mpina\u021bi \u00een localitatea de ba\u0219tin\u0103 <strong>complet\u00e2nd formularul de mai jos<\/strong>.<br \/>\nA\u0219tept\u0103m sesiz\u0103ri, sugestii, reclama\u021bii, opinii, dezv\u0103luiri sau nemul\u021bumiri privind neregulile pe care ceta\u021benii le-au \u00eent\u00e2lnit, fraudele la care au fost martori oculari precum \u0219i alte aspecte din via\u021ba economico-social\u0103 care au dep\u0103\u0219it cadrul legal.<\/p>\n<p><strong>FORMULAR DE CONTACT<\/strong><\/p>\n","protected":false},"excerpt":{"rendered":"<p>LOCALIZARE \u00ef\u00bb\u00bf &nbsp; REDAC\u00c5\u00a2IA SCURT PE 2: Buz\u0103u: Pia\u021ba Dacia Telefon: 0338-568.666 Fax: 0338-569.666 E-mail: scurtpedoi@tvsatrm.ro R\u00e2mnicu S\u0103rat: Str. Cr\u00e2ngul Ursului, Nr 4A Tel: +40-238-569898; Fax: +40-238-565800 &nbsp; \u00c2\u00a0\u00c2\u00a0\u00c2\u00a0 https:\/\/www.facebook.com\/tvsatmediagroup Scurt pe 2 \u0219i TVSat v\u0103 ofer\u0103 posibilitatea de a v\u0103 spune p\u0103rerea despre problemele pe care le \u00eent\u00e2mpina\u021bi \u00een localitatea de ba\u0219tin\u0103 complet\u00e2nd formularul de mai jos. A\u0219tept\u0103m sesiz\u0103ri, sugestii, reclama\u021bii, opinii, dezv\u0103luiri sau nemul\u021bumiri privind neregulile pe care ceta\u021benii le-au \u00eent\u00e2lnit, fraudele la care au fost martori oculari precum \u0219i alte aspecte din via\u021ba economico-social\u0103 care au dep\u0103\u0219it&hellip;<\/p>\n","protected":false},"author":2,"featured_media":0,"parent":0,"menu_order":0,"comment_status":"open","ping_status":"closed","template":"","meta":{"footnotes":""},"class_list":["post-848","page","type-page","status-publish","hentry"],"_links":{"self":[{"href":"https:\/\/scurtpe2.ro\/index.php?rest_route=\/wp\/v2\/pages\/848","targetHints":{"allow":["GET"]}}],"collection":[{"href":"https:\/\/scurtpe2.ro\/index.php?rest_route=\/wp\/v2\/pages"}],"about":[{"href":"https:\/\/scurtpe2.ro\/index.php?rest_route=\/wp\/v2\/types\/page"}],"author":[{"embeddable":true,"href":"https:\/\/scurtpe2.ro\/index.php?rest_route=\/wp\/v2\/users\/2"}],"replies":[{"embeddable":true,"href":"https:\/\/scurtpe2.ro\/index.php?rest_route=%2Fwp%2Fv2%2Fcomments&post=848"}],"version-history":[{"count":1,"href":"https:\/\/scurtpe2.ro\/index.php?rest_route=\/wp\/v2\/pages\/848\/revisions"}],"predecessor-version":[{"id":18304,"href":"https:\/\/scurtpe2.ro\/index.php?rest_route=\/wp\/v2\/pages\/848\/revisions\/18304"}],"wp:attachment":[{"href":"https:\/\/scurtpe2.ro\/index.php?rest_route=%2Fwp%2Fv2%2Fmedia&parent=848"}],"curies":[{"name":"wp","href":"https:\/\/api.w.org\/{rel}","templated":true}]}}