{"id":2696,"date":"2014-11-26T00:22:21","date_gmt":"2014-11-25T21:22:21","guid":{"rendered":"http:\/\/scurtpe2.ro\/?page_id=2696"},"modified":"2017-03-24T14:00:10","modified_gmt":"2017-03-24T11:00:10","slug":"publicitate","status":"publish","type":"page","link":"https:\/\/scurtpe2.ro\/?page_id=2696","title":{"rendered":"PUBLICITATE"},"content":{"rendered":"<p><strong>OFERT\u00c4\u201a DE PUBLICITATE<br \/>\n<\/strong>S\u0103pt\u0103m\u00e2nalul &#8222;\u009dScurt pe 2&#8243;\u009d editat de Radio ON AIR S.R.L. v\u0103 ofer\u0103 oportunitatea unei promov\u0103ri profesioniste care s\u0103 v\u0103 satisfac\u0103 interesele de marketing, asigur\u00e2ndu-v\u0103 de cea mai complet\u0103 adresabilitate editorial\u0103 \u0219i de cea mai mare arie de distribu\u021bie la nivel jude\u021bean. Publica\u021bia noastr\u0103 are semnate contracte de difuzare cu firmele locale \u0219i regionale de profil \u0219i poate fi g\u0103sit\u0103 la chio\u0219curile de pres\u0103 din Buz\u0103u, Rm. S\u0103rat, Nehoiu, Pat\u00e2rlagele, Berca \u0219i Monteoru.<\/p>\n<p>Datorit\u0103 ofertei flexibile de promovare, firma dumneavoastr\u0103 va beneficia de o campanie de publicitate perfect adaptat\u0103 cerin\u021belor propriei organiza\u021bii, publicului \u021bint\u0103 \u0219i bugetului de promovare disponibil. \u00cen configurarea Media Planului ave\u021bi posibilitatea s\u0103 alege\u021bi pozi\u021bionarea reclamei dumneavoastr\u0103 \u00een orice pagin\u0103 dori\u021bi \u0219i s\u0103 beneficia\u021bi de cele mai substan\u021biale reduceri. S\u0103pt\u0103m\u00e2nalul &#8222;\u009dScurt pe 2&#8243;\u009d apare \u00een fiecare vineri, \u00een 12 pagini dintre care prima \u0219i ultima beneficiaz\u0103 de policromie, la un pre\u021b de 1,5 lei. Publica\u021bia este \u00eenso\u021bit\u0103 de dou\u0103 suplimente gratuite.<\/p>\n<p><strong>Ofert\u0103 abonamente<\/strong><br \/>\nS\u0103pt\u0103m\u00e2nalul Scurt pe 2 v\u0103 ofer\u0103 posibilitatea de a contracta abonamente direct prin intermediul redac\u021biei. Ve\u021bi beneficia de cea mai complet\u0103 ofert\u0103 editorial\u0103 care acoper\u0103 toate domeniile de interes, la cele mai accesibile pre\u021buri. Pentru un abonament pe o perioad\u0103 de 12 luni tariful este de 130 lei (cheltuieli po\u0219tale incluse), \u00een timp ce pentru 6 luni costul este de 65 lei.<\/p>\n<p><strong>Contact publicitate<\/strong><br \/>\nPentru oferta de publicitate print sau on-line ne pute\u021bi contacta la num\u0103rul de telefon 0338-568.666 sau pe e-mail: scurtpedoi@tvsatrm.ro.<\/p>\n<p>&nbsp;<\/p>\n","protected":false},"excerpt":{"rendered":"<p>OFERT\u00c4\u201a DE PUBLICITATE S\u0103pt\u0103m\u00e2nalul &#8222;\u009dScurt pe 2&#8243;\u009d editat de Radio ON AIR S.R.L. v\u0103 ofer\u0103 oportunitatea unei promov\u0103ri profesioniste care s\u0103 v\u0103 satisfac\u0103 interesele de marketing, asigur\u00e2ndu-v\u0103 de cea mai complet\u0103 adresabilitate editorial\u0103 \u0219i de cea mai mare arie de distribu\u021bie la nivel jude\u021bean. Publica\u021bia noastr\u0103 are semnate contracte de difuzare cu firmele locale \u0219i regionale de profil \u0219i poate fi g\u0103sit\u0103 la chio\u0219curile de pres\u0103 din Buz\u0103u, Rm. S\u0103rat, Nehoiu, Pat\u00e2rlagele, Berca \u0219i Monteoru. Datorit\u0103 ofertei flexibile de promovare, firma dumneavoastr\u0103 va beneficia de o campanie de publicitate perfect&hellip;<\/p>\n","protected":false},"author":2,"featured_media":0,"parent":0,"menu_order":0,"comment_status":"open","ping_status":"open","template":"page_sidebar.php","meta":{"footnotes":""},"class_list":["post-2696","page","type-page","status-publish","hentry"],"_links":{"self":[{"href":"https:\/\/scurtpe2.ro\/index.php?rest_route=\/wp\/v2\/pages\/2696","targetHints":{"allow":["GET"]}}],"collection":[{"href":"https:\/\/scurtpe2.ro\/index.php?rest_route=\/wp\/v2\/pages"}],"about":[{"href":"https:\/\/scurtpe2.ro\/index.php?rest_route=\/wp\/v2\/types\/page"}],"author":[{"embeddable":true,"href":"https:\/\/scurtpe2.ro\/index.php?rest_route=\/wp\/v2\/users\/2"}],"replies":[{"embeddable":true,"href":"https:\/\/scurtpe2.ro\/index.php?rest_route=%2Fwp%2Fv2%2Fcomments&post=2696"}],"version-history":[{"count":0,"href":"https:\/\/scurtpe2.ro\/index.php?rest_route=\/wp\/v2\/pages\/2696\/revisions"}],"wp:attachment":[{"href":"https:\/\/scurtpe2.ro\/index.php?rest_route=%2Fwp%2Fv2%2Fmedia&parent=2696"}],"curies":[{"name":"wp","href":"https:\/\/api.w.org\/{rel}","templated":true}]}}