{"id":1792,"date":"2014-10-16T19:48:30","date_gmt":"2014-10-16T16:48:30","guid":{"rendered":"http:\/\/scurtpe2.ro\/?page_id=1792"},"modified":"2026-04-06T09:04:15","modified_gmt":"2026-04-06T06:04:15","slug":"redactie","status":"publish","type":"page","link":"https:\/\/scurtpe2.ro\/?page_id=1792","title":{"rendered":"REDAC\u021aIE"},"content":{"rendered":"<p><strong>Cine suntem?<br \/>\n<\/strong>Pentru prima dat\u0103 la chio\u0219curile de ziare pe 17 decembrie 2011, publica\u021bia Scurt pe 2, editat\u0103 de Societatea Comercial\u0103 Radio ON AIR, s-a dovedit a fi cea mai dinamic\u0103 de pe pia\u021ba mass-mediei locale, oferind informa\u021bii de calitate, dezv\u0103luiri \u00een exclusivitate, ocup\u00e2nd de la lun\u0103 la lun\u0103 un loc tot mai important \u00een preferin\u021bele cititorilor din jude\u021b. Publica\u021bia Scurt pe 2 face parte al\u0103turi de televiziunea na\u021bional\u0103 TVSud-Est, televiziunea regional\u0103 Est TV, televiziunea locala TVSat , re\u021beaua FM regional\u0103 Radio Boom \u0219i agen\u021bia de pres\u0103 newss.ro din TVSat Media Group, un important mijloc de informare, nu numai \u00een jude\u021bul Buz\u0103u, ci \u0219i \u00een zona de sud-est a \u021b\u0103rii.<\/p>\n<p><strong>De ce Scurt pe 2?<\/strong><br \/>\nSunt doar c\u00e2teva g\u00e2nduri care r\u0103zbat din r\u00e2ndul cititorilor. Nu trebuie s\u0103 facem niciun exerci\u021biu de imagina\u021bie ca s\u0103 ne d\u0103m seama c\u0103 astfel de \u00eentreb\u0103ri se pun at\u00e2t \u00een fa\u021ba chio\u0219curilor de ziare, pe strad\u0103, acas\u0103, c\u00e2t \u0219i prin institu\u021bii. Poate cu at\u00e2t mai mult acolo. Curiozitatea nu \u021bine cont de func\u021bie sau de limuzinele de la scar\u0103. \u0218i nici m\u0103car de preg\u0103tire sau conturi bancare. A\u0219a c\u0103 ar fi mai bine s\u0103 l\u0103s\u0103m clasicul limbaj de lemn pentru a\u0219teptata pledoarie \u0219i s\u0103 r\u0103spundem scurt, c\u00e2t se poate de scurt, la \u00eentreb\u0103rile care \u00eei macin\u0103 pe cititori.<\/p>\n<p><strong>Pentru cine?<\/strong><br \/>\nPentru cine o astfel de publica\u021bie? Pentru publicul din tot jude\u021bul, pentru femei, b\u0103rba\u021bi \u0219i copii, pentru tineri \u0219i v\u00e2rstnici, pentru cei de la \u021bar\u0103, pentru cei de la ora\u0219. Pentru to\u021bi cei care doresc o informare real\u0103 \u0219i corect\u0103, divertisment de calitate, sau mai bine spus pentru cei care \u00eenc\u0103 mai caut\u0103 a\u0219a ceva. \u0218i, nu \u00een ultimul r\u00e2nd, pentru cei care vor s\u0103 r\u0103m\u00e2n\u0103 cu ceva dup\u0103 ce vor r\u0103sfoi publica\u021bia noastr\u0103.<\/p>\n<p><strong>Unde se g\u0103se\u0219te?<\/strong><\/p>\n<div id=\"yui_3_16_0_ym19_1_1495444421416_5177\" dir=\"ltr\"><span id=\"yui_3_16_0_ym19_1_1495444421416_4767\">S\u0103pt\u0103m\u00e2nalul Scurt pe 2 este cea mai a\u0219teptat\u0103 publica\u021bie la final de s\u0103pt\u0103m\u00e2na din jude\u021bul Buz\u0103u. Apare\u00a0 \u00een fiecare zi de vineri \u0219i se distribuie prin aproape toate re\u021belele de difuzare a presei, inclusiv prin re\u021beaua din mall-uri \u0219i supermarketuri. la centrele de vanzare din jurul principalelor pie\u021be \u0219i pe peronul G\u0103rii Buz\u0103u. Publica\u021bia se reg\u0103se\u0219te la v\u00e2nzare \u00een\u00a0 cele dou\u0103 municipii din jude\u021b, Buz\u0103u \u0219i R\u00e2mnicu-S\u0103rat, are format A3, pe hartie tip glossy \u0219i con\u021bine dou\u0103 suplimente tematice, \u00eensum\u00e2nd \u00een total 16 pagini. \u00cen fiecare zi de luni edi\u021bia tip\u0103rit\u0103 de vinerea trecut\u0103 poate fi r\u0103sfoit\u0103 \u0219i Online, \u00eencep\u00e2nd din anul 2023.\u00a0<\/span><\/div>\n<p>&nbsp;<\/p>\n","protected":false},"excerpt":{"rendered":"<p>Cine suntem? Pentru prima dat\u0103 la chio\u0219curile de ziare pe 17 decembrie 2011, publica\u021bia Scurt pe 2, editat\u0103 de Societatea Comercial\u0103 Radio ON AIR, s-a dovedit a fi cea mai dinamic\u0103 de pe pia\u021ba mass-mediei locale, oferind informa\u021bii de calitate, dezv\u0103luiri \u00een exclusivitate, ocup\u00e2nd de la lun\u0103 la lun\u0103 un loc tot mai important \u00een preferin\u021bele cititorilor din jude\u021b. Publica\u021bia Scurt pe 2 face parte al\u0103turi de televiziunea na\u021bional\u0103 TVSud-Est, televiziunea regional\u0103 Est TV, televiziunea locala TVSat , re\u021beaua FM regional\u0103 Radio Boom \u0219i agen\u021bia de pres\u0103 newss.ro din TVSat&hellip;<\/p>\n","protected":false},"author":2,"featured_media":0,"parent":0,"menu_order":0,"comment_status":"open","ping_status":"closed","template":"","meta":{"footnotes":""},"class_list":["post-1792","page","type-page","status-publish","hentry"],"_links":{"self":[{"href":"https:\/\/scurtpe2.ro\/index.php?rest_route=\/wp\/v2\/pages\/1792","targetHints":{"allow":["GET"]}}],"collection":[{"href":"https:\/\/scurtpe2.ro\/index.php?rest_route=\/wp\/v2\/pages"}],"about":[{"href":"https:\/\/scurtpe2.ro\/index.php?rest_route=\/wp\/v2\/types\/page"}],"author":[{"embeddable":true,"href":"https:\/\/scurtpe2.ro\/index.php?rest_route=\/wp\/v2\/users\/2"}],"replies":[{"embeddable":true,"href":"https:\/\/scurtpe2.ro\/index.php?rest_route=%2Fwp%2Fv2%2Fcomments&post=1792"}],"version-history":[{"count":2,"href":"https:\/\/scurtpe2.ro\/index.php?rest_route=\/wp\/v2\/pages\/1792\/revisions"}],"predecessor-version":[{"id":24634,"href":"https:\/\/scurtpe2.ro\/index.php?rest_route=\/wp\/v2\/pages\/1792\/revisions\/24634"}],"wp:attachment":[{"href":"https:\/\/scurtpe2.ro\/index.php?rest_route=%2Fwp%2Fv2%2Fmedia&parent=1792"}],"curies":[{"name":"wp","href":"https:\/\/api.w.org\/{rel}","templated":true}]}}