{"id":16041,"date":"2022-11-07T21:17:02","date_gmt":"2022-11-07T18:17:02","guid":{"rendered":"https:\/\/scurtpe2.ro\/?page_id=16041"},"modified":"2026-04-20T08:22:28","modified_gmt":"2026-04-20T05:22:28","slug":"rasfoieste-scurt-pe-2","status":"publish","type":"page","link":"https:\/\/scurtpe2.ro\/?page_id=16041","title":{"rendered":"ONLINE"},"content":{"rendered":"<h2 style=\"text-align: left;\"><span style=\"font-family: tahoma, arial, helvetica, sans-serif; color: #ff0000;\"><strong><span style=\"font-size: 24pt;\">Aici po\u021bi s\u0103 vezi \u00een fiecare luni cea mai recent\u0103 edi\u021bie a s\u0103pt\u0103m\u00e2nalului &#8222;Scurt pe 2&#8221; de vinerea trecut\u0103<\/span><\/strong><\/span><\/h2>\n<h4><span style=\"color: #000000; font-size: 14pt; font-family: tahoma, arial, helvetica, sans-serif;\">Edi\u021bia<strong> nr. 772 &#8211; 17 &#8211; 23<\/strong><\/span><span style=\"color: #000000; font-size: 14pt; font-family: tahoma, arial, helvetica, sans-serif;\"><strong>\u00a0aprilie 2026 <\/strong><\/span><span style=\"color: #000000; font-size: 14pt; font-family: tahoma, arial, helvetica, sans-serif;\"><strong>\r\n<!--change the width and height value as you want.--> \r\n<!-- Do change \"index.htm\" to your real html name of the flippingbook--> \r\n<iframe  style=\"width:100%;height:450px\"  src=\"https:\/\/scurtpe2.ro\/wp-content\/uploads\/flipbook\/180\/book.html\"  seamless=\"seamless\" scrolling=\"no\" frameborder=\"0\" allowtransparency=\"true\" allowfullscreen mozallowfullscreen  webkitallowfullscreen ><\/iframe>\r\n<\/strong><\/span><\/h4>\n<h4><span style=\"color: #000000; font-size: 14pt; font-family: tahoma, arial, helvetica, sans-serif;\">Edi\u021bia<strong> nr. 771 &#8211; 10 &#8211; 16<\/strong><\/span><span style=\"color: #000000; font-size: 14pt; font-family: tahoma, arial, helvetica, sans-serif;\"><strong>\u00a0aprilie 2026 <\/strong><\/span><span style=\"color: #000000; font-size: 14pt; font-family: tahoma, arial, helvetica, sans-serif;\"><strong>\r\n<!--change the width and height value as you want.--> \r\n<!-- Do change \"index.htm\" to your real html name of the flippingbook--> \r\n<iframe  style=\"width:100%;height:450px\"  src=\"https:\/\/scurtpe2.ro\/wp-content\/uploads\/flipbook\/179\/book.html\"  seamless=\"seamless\" scrolling=\"no\" frameborder=\"0\" allowtransparency=\"true\" allowfullscreen mozallowfullscreen  webkitallowfullscreen ><\/iframe>\r\n<\/strong><\/span><\/h4>\n<h4><span style=\"color: #000000; font-size: 14pt; font-family: tahoma, arial, helvetica, sans-serif;\">Edi\u021bia<strong> nr. 770 &#8211; 3 &#8211; 9<\/strong><\/span><span style=\"color: #000000; font-size: 14pt; font-family: tahoma, arial, helvetica, sans-serif;\"><strong>\u00a0aprilie 2026 <\/strong><\/span><span style=\"color: #000000; font-size: 14pt; font-family: tahoma, arial, helvetica, sans-serif;\"><strong>\r\n<!--change the width and height value as you want.--> \r\n<!-- Do change \"index.htm\" to your real html name of the flippingbook--> \r\n<iframe  style=\"width:100%;height:450px\"  src=\"https:\/\/scurtpe2.ro\/wp-content\/uploads\/flipbook\/178\/book.html\"  seamless=\"seamless\" scrolling=\"no\" frameborder=\"0\" allowtransparency=\"true\" allowfullscreen mozallowfullscreen  webkitallowfullscreen ><\/iframe>\r\n<\/strong><\/span><\/h4>\n<h4><\/h4>\n<h2><a href=\"https:\/\/scurtpe2.ro\/?page_id=24625&amp;preview=true\" target=\"_blank\" rel=\"noopener\">Scurt pe 2 Online &#8211; trimestrul 1 2026<\/a><\/h2>\n<h2><a href=\"https:\/\/scurtpe2.ro\/?page_id=22202&amp;preview=true\">Scurt pe 2 Online &#8211; toate edi\u021biile din anul 2025<\/a><\/h2>\n<h2><a href=\"https:\/\/scurtpe2.ro\/?page_id=20305&amp;preview=true\">Scurt pe 2 Online &#8211; toate edi\u021biile din anul 2024<\/a><\/h2>\n<h2><a href=\"https:\/\/scurtpe2.ro\/scurt-pe-2-online-anul-2023\/\">Scurt pe 2 Online &#8211; toate edi\u021biile din anul 2023<\/a><\/h2>\n<h4><\/h4>\n<h4><\/h4>\n","protected":false},"excerpt":{"rendered":"<p>Aici po\u021bi s\u0103 vezi \u00een fiecare luni cea mai recent\u0103 edi\u021bie a s\u0103pt\u0103m\u00e2nalului &#8222;Scurt pe 2&#8221; de vinerea trecut\u0103 Edi\u021bia nr. 772 &#8211; 17 &#8211; 23\u00a0aprilie 2026 Edi\u021bia nr. 771 &#8211; 10 &#8211; 16\u00a0aprilie 2026 Edi\u021bia nr. 770 &#8211; 3 &#8211; 9\u00a0aprilie 2026 Scurt pe 2 Online &#8211; trimestrul 1 2026 Scurt pe 2 Online &#8211; toate edi\u021biile din anul 2025 Scurt pe 2 Online &#8211; toate edi\u021biile din anul 2024 Scurt pe 2 Online &#8211; toate edi\u021biile din anul 2023<\/p>\n","protected":false},"author":6,"featured_media":0,"parent":0,"menu_order":0,"comment_status":"closed","ping_status":"closed","template":"","meta":{"footnotes":""},"class_list":["post-16041","page","type-page","status-publish","hentry"],"_links":{"self":[{"href":"https:\/\/scurtpe2.ro\/index.php?rest_route=\/wp\/v2\/pages\/16041","targetHints":{"allow":["GET"]}}],"collection":[{"href":"https:\/\/scurtpe2.ro\/index.php?rest_route=\/wp\/v2\/pages"}],"about":[{"href":"https:\/\/scurtpe2.ro\/index.php?rest_route=\/wp\/v2\/types\/page"}],"author":[{"embeddable":true,"href":"https:\/\/scurtpe2.ro\/index.php?rest_route=\/wp\/v2\/users\/6"}],"replies":[{"embeddable":true,"href":"https:\/\/scurtpe2.ro\/index.php?rest_route=%2Fwp%2Fv2%2Fcomments&post=16041"}],"version-history":[{"count":230,"href":"https:\/\/scurtpe2.ro\/index.php?rest_route=\/wp\/v2\/pages\/16041\/revisions"}],"predecessor-version":[{"id":24753,"href":"https:\/\/scurtpe2.ro\/index.php?rest_route=\/wp\/v2\/pages\/16041\/revisions\/24753"}],"wp:attachment":[{"href":"https:\/\/scurtpe2.ro\/index.php?rest_route=%2Fwp%2Fv2%2Fmedia&parent=16041"}],"curies":[{"name":"wp","href":"https:\/\/api.w.org\/{rel}","templated":true}]}}